{"id":507,"date":"2021-05-05T08:44:51","date_gmt":"2021-05-05T08:44:51","guid":{"rendered":"https:\/\/galerieleminotaure-boutique.fr\/?post_type=product&#038;p=507"},"modified":"2021-11-17T11:30:45","modified_gmt":"2021-11-17T09:30:45","slug":"sans-titre-11","status":"publish","type":"product","link":"https:\/\/galerieleminotaure-boutique.fr\/en\/shop\/sans-titre-11","title":{"rendered":"Untitled"},"content":{"rendered":"<p><strong>Provenance<\/strong><br \/>\nLisa Aronson, artist's wife<\/p>\n<p><strong>Exhibition<\/strong><br \/>\nLondres 2013, The Avant-Garde and Yiddish theatre, Costume and stade designs, C. 1917-1929, Kiev<br \/>\nNew York, Ben Uri, The London Jewish Museum of Art<\/p>\n<h6><\/h6>\n<p>&nbsp;<\/p>","protected":false},"excerpt":{"rendered":"<p><a href=\"https:\/\/galerieleminotaure.net\/artist\/aronson-boris\/?letter=abhttps:\/\/galerieleminotaure.net\/artist\/aronson-boris\/?letter=ab\"><strong><span style=\"font-size: 14pt;\">ARONSON, BORIS<\/span><\/strong><\/a><\/p>\n<p style=\"text-align: left;\">Untitled<\/p>\n<p>C. 1917-1919<br \/>\nWoodcut on paper<br \/>\n24,1 x 19,8 cm<br \/>\nSigned lower right \"Boris Aronson\"<\/p>","protected":false},"featured_media":505,"template":"","meta":{"_coblocks_attr":"","_coblocks_dimensions":"","_coblocks_responsive_height":"","_coblocks_accordion_ie_support":""},"product_brand":[],"product_cat":[21],"product_tag":[],"class_list":{"0":"post-507","1":"product","2":"type-product","3":"status-publish","4":"has-post-thumbnail","6":"product_cat-oeuvres-originales","8":"first","9":"instock","10":"sold-individually","11":"shipping-taxable","12":"purchasable","13":"product-type-simple"},"yoast_head":"<!-- This site is optimized with the Yoast SEO plugin v27.4 - https:\/\/yoast.com\/product\/yoast-seo-wordpress\/ -->\n<title>Sans titre &#8226; Galerie Le Minotaure - La Boutique<\/title>\n<meta name=\"robots\" content=\"index, follow, max-snippet:-1, max-image-preview:large, max-video-preview:-1\" \/>\n<link rel=\"canonical\" href=\"https:\/\/galerieleminotaure-boutique.fr\/en\/shop\/sans-titre-11\/\" \/>\n<meta property=\"og:locale\" content=\"en_GB\" \/>\n<meta property=\"og:type\" content=\"article\" \/>\n<meta property=\"og:title\" content=\"Sans titre &#8226; Galerie Le Minotaure - La Boutique\" \/>\n<meta property=\"og:description\" content=\"ARONSON, BORIS Sans titre C. 1917-1919 Bois grav\u00e9 sur papier 24,1 x 19,8 cm Sign\u00e9 en bas \u00e0 droite &quot;Boris Aronson&quot;\" \/>\n<meta property=\"og:url\" content=\"https:\/\/galerieleminotaure-boutique.fr\/en\/shop\/sans-titre-11\/\" \/>\n<meta property=\"og:site_name\" content=\"Galerie Le Minotaure - La Boutique\" \/>\n<meta property=\"article:publisher\" content=\"https:\/\/www.facebook.com\/GalerieLeMinotaure\" \/>\n<meta property=\"article:modified_time\" content=\"2021-11-17T09:30:45+00:00\" \/>\n<meta property=\"og:image\" content=\"https:\/\/galerieleminotaure-boutique.fr\/wp-content\/uploads\/2021\/05\/Capture-de\u0301cran-2021-05-05-a\u0300-10.20.06.png\" \/>\n\t<meta property=\"og:image:width\" content=\"768\" \/>\n\t<meta property=\"og:image:height\" content=\"982\" \/>\n\t<meta property=\"og:image:type\" content=\"image\/png\" \/>\n<meta name=\"twitter:card\" content=\"summary_large_image\" \/>\n<meta name=\"twitter:site\" content=\"@MinotaureArt\" \/>\n<meta name=\"twitter:label1\" content=\"Estimated reading time\" \/>\n\t<meta name=\"twitter:data1\" content=\"1 minute\" \/>\n<script type=\"application\/ld+json\" class=\"yoast-schema-graph\">{\"@context\":\"https:\\\/\\\/schema.org\",\"@graph\":[{\"@type\":\"WebPage\",\"@id\":\"https:\\\/\\\/galerieleminotaure-boutique.fr\\\/shop\\\/sans-titre-11\",\"url\":\"https:\\\/\\\/galerieleminotaure-boutique.fr\\\/shop\\\/sans-titre-11\",\"name\":\"Sans titre &#8226; Galerie Le Minotaure - La Boutique\",\"isPartOf\":{\"@id\":\"https:\\\/\\\/galerieleminotaure-boutique.fr\\\/#website\"},\"primaryImageOfPage\":{\"@id\":\"https:\\\/\\\/galerieleminotaure-boutique.fr\\\/shop\\\/sans-titre-11#primaryimage\"},\"image\":{\"@id\":\"https:\\\/\\\/galerieleminotaure-boutique.fr\\\/shop\\\/sans-titre-11#primaryimage\"},\"thumbnailUrl\":\"https:\\\/\\\/galerieleminotaure-boutique.fr\\\/wp-content\\\/uploads\\\/2021\\\/05\\\/Capture-de\u0301cran-2021-05-05-a\u0300-10.20.06.png\",\"datePublished\":\"2021-05-05T08:44:51+00:00\",\"dateModified\":\"2021-11-17T09:30:45+00:00\",\"breadcrumb\":{\"@id\":\"https:\\\/\\\/galerieleminotaure-boutique.fr\\\/shop\\\/sans-titre-11#breadcrumb\"},\"inLanguage\":\"en-GB\",\"potentialAction\":[{\"@type\":\"ReadAction\",\"target\":[\"https:\\\/\\\/galerieleminotaure-boutique.fr\\\/shop\\\/sans-titre-11\"]}]},{\"@type\":\"ImageObject\",\"inLanguage\":\"en-GB\",\"@id\":\"https:\\\/\\\/galerieleminotaure-boutique.fr\\\/shop\\\/sans-titre-11#primaryimage\",\"url\":\"https:\\\/\\\/galerieleminotaure-boutique.fr\\\/wp-content\\\/uploads\\\/2021\\\/05\\\/Capture-de\u0301cran-2021-05-05-a\u0300-10.20.06.png\",\"contentUrl\":\"https:\\\/\\\/galerieleminotaure-boutique.fr\\\/wp-content\\\/uploads\\\/2021\\\/05\\\/Capture-de\u0301cran-2021-05-05-a\u0300-10.20.06.png\",\"width\":768,\"height\":982},{\"@type\":\"BreadcrumbList\",\"@id\":\"https:\\\/\\\/galerieleminotaure-boutique.fr\\\/shop\\\/sans-titre-11#breadcrumb\",\"itemListElement\":[{\"@type\":\"ListItem\",\"position\":1,\"name\":\"Home\",\"item\":\"https:\\\/\\\/galerieleminotaure-boutique.fr\\\/\"},{\"@type\":\"ListItem\",\"position\":2,\"name\":\"Boutique\",\"item\":\"https:\\\/\\\/galerieleminotaure-boutique.fr\\\/shop\"},{\"@type\":\"ListItem\",\"position\":3,\"name\":\"Sans titre\"}]},{\"@type\":\"WebSite\",\"@id\":\"https:\\\/\\\/galerieleminotaure-boutique.fr\\\/#website\",\"url\":\"https:\\\/\\\/galerieleminotaure-boutique.fr\\\/\",\"name\":\"Galerie Le Minotaure - La Boutique\",\"description\":\"\",\"publisher\":{\"@id\":\"https:\\\/\\\/galerieleminotaure-boutique.fr\\\/#organization\"},\"potentialAction\":[{\"@type\":\"SearchAction\",\"target\":{\"@type\":\"EntryPoint\",\"urlTemplate\":\"https:\\\/\\\/galerieleminotaure-boutique.fr\\\/?s={search_term_string}\"},\"query-input\":{\"@type\":\"PropertyValueSpecification\",\"valueRequired\":true,\"valueName\":\"search_term_string\"}}],\"inLanguage\":\"en-GB\"},{\"@type\":\"Organization\",\"@id\":\"https:\\\/\\\/galerieleminotaure-boutique.fr\\\/#organization\",\"name\":\"Galerie Le Minotaure\",\"url\":\"https:\\\/\\\/galerieleminotaure-boutique.fr\\\/\",\"logo\":{\"@type\":\"ImageObject\",\"inLanguage\":\"en-GB\",\"@id\":\"https:\\\/\\\/galerieleminotaure-boutique.fr\\\/#\\\/schema\\\/logo\\\/image\\\/\",\"url\":\"https:\\\/\\\/secureservercdn.net\\\/160.153.138.177\\\/5h4.51a.myftpupload.com\\\/wp-content\\\/uploads\\\/2021\\\/03\\\/logo.png?time=1618481460\",\"contentUrl\":\"https:\\\/\\\/secureservercdn.net\\\/160.153.138.177\\\/5h4.51a.myftpupload.com\\\/wp-content\\\/uploads\\\/2021\\\/03\\\/logo.png?time=1618481460\",\"width\":1024,\"height\":186,\"caption\":\"Galerie Le Minotaure\"},\"image\":{\"@id\":\"https:\\\/\\\/galerieleminotaure-boutique.fr\\\/#\\\/schema\\\/logo\\\/image\\\/\"},\"sameAs\":[\"https:\\\/\\\/www.facebook.com\\\/GalerieLeMinotaure\",\"https:\\\/\\\/x.com\\\/MinotaureArt\",\"https:\\\/\\\/www.instagram.com\\\/leminotaure_gallery\\\/\",\"https:\\\/\\\/www.youtube.com\\\/channel\\\/UCRdoDs3px50xfXu3EEkpNRA\"]}]}<\/script>\n<!-- \/ Yoast SEO plugin. -->","yoast_head_json":{"title":"Sans titre &#8226; Galerie Le Minotaure - La Boutique","robots":{"index":"index","follow":"follow","max-snippet":"max-snippet:-1","max-image-preview":"max-image-preview:large","max-video-preview":"max-video-preview:-1"},"canonical":"https:\/\/galerieleminotaure-boutique.fr\/en\/shop\/sans-titre-11\/","og_locale":"en_GB","og_type":"article","og_title":"Sans titre &#8226; Galerie Le Minotaure - La Boutique","og_description":"ARONSON, BORIS Sans titre C. 1917-1919 Bois grav\u00e9 sur papier 24,1 x 19,8 cm Sign\u00e9 en bas \u00e0 droite \"Boris Aronson\"","og_url":"https:\/\/galerieleminotaure-boutique.fr\/en\/shop\/sans-titre-11\/","og_site_name":"Galerie Le Minotaure - La Boutique","article_publisher":"https:\/\/www.facebook.com\/GalerieLeMinotaure","article_modified_time":"2021-11-17T09:30:45+00:00","og_image":[{"width":768,"height":982,"url":"https:\/\/galerieleminotaure-boutique.fr\/wp-content\/uploads\/2021\/05\/Capture-de\u0301cran-2021-05-05-a\u0300-10.20.06.png","type":"image\/png"}],"twitter_card":"summary_large_image","twitter_site":"@MinotaureArt","twitter_misc":{"Estimated reading time":"1 minute"},"schema":{"@context":"https:\/\/schema.org","@graph":[{"@type":"WebPage","@id":"https:\/\/galerieleminotaure-boutique.fr\/shop\/sans-titre-11","url":"https:\/\/galerieleminotaure-boutique.fr\/shop\/sans-titre-11","name":"Sans titre &#8226; Galerie Le Minotaure - La Boutique","isPartOf":{"@id":"https:\/\/galerieleminotaure-boutique.fr\/#website"},"primaryImageOfPage":{"@id":"https:\/\/galerieleminotaure-boutique.fr\/shop\/sans-titre-11#primaryimage"},"image":{"@id":"https:\/\/galerieleminotaure-boutique.fr\/shop\/sans-titre-11#primaryimage"},"thumbnailUrl":"https:\/\/galerieleminotaure-boutique.fr\/wp-content\/uploads\/2021\/05\/Capture-de\u0301cran-2021-05-05-a\u0300-10.20.06.png","datePublished":"2021-05-05T08:44:51+00:00","dateModified":"2021-11-17T09:30:45+00:00","breadcrumb":{"@id":"https:\/\/galerieleminotaure-boutique.fr\/shop\/sans-titre-11#breadcrumb"},"inLanguage":"en-GB","potentialAction":[{"@type":"ReadAction","target":["https:\/\/galerieleminotaure-boutique.fr\/shop\/sans-titre-11"]}]},{"@type":"ImageObject","inLanguage":"en-GB","@id":"https:\/\/galerieleminotaure-boutique.fr\/shop\/sans-titre-11#primaryimage","url":"https:\/\/galerieleminotaure-boutique.fr\/wp-content\/uploads\/2021\/05\/Capture-de\u0301cran-2021-05-05-a\u0300-10.20.06.png","contentUrl":"https:\/\/galerieleminotaure-boutique.fr\/wp-content\/uploads\/2021\/05\/Capture-de\u0301cran-2021-05-05-a\u0300-10.20.06.png","width":768,"height":982},{"@type":"BreadcrumbList","@id":"https:\/\/galerieleminotaure-boutique.fr\/shop\/sans-titre-11#breadcrumb","itemListElement":[{"@type":"ListItem","position":1,"name":"Home","item":"https:\/\/galerieleminotaure-boutique.fr\/"},{"@type":"ListItem","position":2,"name":"Boutique","item":"https:\/\/galerieleminotaure-boutique.fr\/shop"},{"@type":"ListItem","position":3,"name":"Sans titre"}]},{"@type":"WebSite","@id":"https:\/\/galerieleminotaure-boutique.fr\/#website","url":"https:\/\/galerieleminotaure-boutique.fr\/","name":"Galerie Le Minotaure - La Boutique","description":"","publisher":{"@id":"https:\/\/galerieleminotaure-boutique.fr\/#organization"},"potentialAction":[{"@type":"SearchAction","target":{"@type":"EntryPoint","urlTemplate":"https:\/\/galerieleminotaure-boutique.fr\/?s={search_term_string}"},"query-input":{"@type":"PropertyValueSpecification","valueRequired":true,"valueName":"search_term_string"}}],"inLanguage":"en-GB"},{"@type":"Organization","@id":"https:\/\/galerieleminotaure-boutique.fr\/#organization","name":"Galerie Le Minotaure","url":"https:\/\/galerieleminotaure-boutique.fr\/","logo":{"@type":"ImageObject","inLanguage":"en-GB","@id":"https:\/\/galerieleminotaure-boutique.fr\/#\/schema\/logo\/image\/","url":"https:\/\/secureservercdn.net\/160.153.138.177\/5h4.51a.myftpupload.com\/wp-content\/uploads\/2021\/03\/logo.png?time=1618481460","contentUrl":"https:\/\/secureservercdn.net\/160.153.138.177\/5h4.51a.myftpupload.com\/wp-content\/uploads\/2021\/03\/logo.png?time=1618481460","width":1024,"height":186,"caption":"Galerie Le Minotaure"},"image":{"@id":"https:\/\/galerieleminotaure-boutique.fr\/#\/schema\/logo\/image\/"},"sameAs":["https:\/\/www.facebook.com\/GalerieLeMinotaure","https:\/\/x.com\/MinotaureArt","https:\/\/www.instagram.com\/leminotaure_gallery\/","https:\/\/www.youtube.com\/channel\/UCRdoDs3px50xfXu3EEkpNRA"]}]}},"_links":{"self":[{"href":"https:\/\/galerieleminotaure-boutique.fr\/en\/wp-json\/wp\/v2\/product\/507","targetHints":{"allow":["GET"]}}],"collection":[{"href":"https:\/\/galerieleminotaure-boutique.fr\/en\/wp-json\/wp\/v2\/product"}],"about":[{"href":"https:\/\/galerieleminotaure-boutique.fr\/en\/wp-json\/wp\/v2\/types\/product"}],"wp:featuredmedia":[{"embeddable":true,"href":"https:\/\/galerieleminotaure-boutique.fr\/en\/wp-json\/wp\/v2\/media\/505"}],"wp:attachment":[{"href":"https:\/\/galerieleminotaure-boutique.fr\/en\/wp-json\/wp\/v2\/media?parent=507"}],"wp:term":[{"taxonomy":"product_brand","embeddable":true,"href":"https:\/\/galerieleminotaure-boutique.fr\/en\/wp-json\/wp\/v2\/product_brand?post=507"},{"taxonomy":"product_cat","embeddable":true,"href":"https:\/\/galerieleminotaure-boutique.fr\/en\/wp-json\/wp\/v2\/product_cat?post=507"},{"taxonomy":"product_tag","embeddable":true,"href":"https:\/\/galerieleminotaure-boutique.fr\/en\/wp-json\/wp\/v2\/product_tag?post=507"}],"curies":[{"name":"wp","href":"https:\/\/api.w.org\/{rel}","templated":true}]}}