{"id":519,"date":"2021-05-05T12:17:58","date_gmt":"2021-05-05T12:17:58","guid":{"rendered":"https:\/\/galerieleminotaure-boutique.fr\/?post_type=product&#038;p=519"},"modified":"2021-11-17T11:31:27","modified_gmt":"2021-11-17T09:31:27","slug":"decor-de-scene-bronx-express","status":"publish","type":"product","link":"https:\/\/galerieleminotaure-boutique.fr\/en\/shop\/decor-de-scene-bronx-express","title":{"rendered":"Stage decor - Bronx Express"},"content":{"rendered":"<p>&nbsp;<\/p>\n<div class=\"page\" title=\"Provenance Succession of the artistExhibitionsParis 2006, &quot;Adolf Hoffmeister - Faces and Collages&quot;, Galerie Le MinotaureParis 2015, &quot;Czech Avant-Garde in Paris&quot;, as part of Choices 2015, Le Minotaure Gallery - Galerie Alain Le GaillardBordeaux 2018, &quot;L&#039;image-livre. Publishers and Artists of the Czech Avant-Garde (1920-1930)&quot;, Museum of Decorative Arts and DesignBibliographyGallery The Minotaur, &quot;Adolf Hoffmeister - Faces and Collages&quot;, exhibition catalogue, ill. p. 25.\u00c9ditions Le Minotaure # 8 - May 2015, &quot;Les avant-gardes tch\u00e8ques \u00e0 Paris&quot;, reproduced p. 4.F. Smejkal, &quot;Hoffmeister&#039;s Ironic Chronicle&quot;, North Bohemian Gallery of Fine Arts, Litomerice, 2016, p. 95.\">\n<div class=\"layoutArea\">\n<div class=\"column\">\n<p><strong>Provenance<\/strong><br \/>\nSuccession of the artist<\/p>\n<p><strong>Gene\u0300ve 2018, \u00ab L\u2019Air du Temps. L\u2019Art de la Modernite\u0301 1900-1930 \u00bb, Artvera\u2019s Gallery<\/strong><br \/>\nTel-Aviv 2009, \"Boris Aronson 1898-1980. Avant Garde Yidish Theatre New York\", Galerie Le Minotaure Tel-Aviv<br \/>\nParis 2010, \"Boris Aronson - Der Yidish Teater\", Galerie Le Minotaure - Galerie Alain le Gaillard<br \/>\nLondres 2013, \u00ab\u00a0The Avant-Garde and Yiddish theatre, Costume and stage designs, C-1917-29 Kiev &#8211; New York\u00a0\u00bb, Ben Uri, The London Jewish Museum of Art<br \/>\nNew York 2015, \u00ab\u00a0Preparing the miracle: From the Bronx to Broadway, Boris Aronson and the Yiddish theatre\u00a0\u00bb, Galerie Vallois America<br \/>\nNew York 2016, \u00ab\u00a0New York&rsquo;s Yiddish Theater. From the Bowery to Broadway\u00a0\u00bb, Museum of the City of New York<\/p>\n<p><strong>Bibliography<\/strong><br \/>\nF. Rich, L. Aronson, \u00ab\u00a0The Theatre Art of Boris Aronson\u00a0\u00bb, Editions Alfred A. Knopf, New York, 1987, ill. p. 37. \u00ab\u00a0Boris Aronson 1898-1980. Avant Garde Yidish Theatre New York\u00a0\u00bb, catalogue d\u2019exposition, Galerie Le Minotaure Tel-Aviv, 2009, p. 47.<br \/>\n\u00ab\u00a0Boris Aronson. Der Yidish Teater\u00a0\u00bb, catalogue d&rsquo;exposition, Galerie le Minotaure, Paris, 2010, ill. p. 96-97. E. Nahshon (dir.), \u00ab New York\u2019s Yiddish Theater : From the Bowery to Broadway \u00bb, catalogue d\u2019exposition, Museum of the City of New York, Columbia University Press, 2016, p. 209<\/p>\n<\/div>\n<\/div>\n<\/div>","protected":false},"excerpt":{"rendered":"<p><a href=\"https:\/\/galerieleminotaure.net\/artist\/aronson-boris\/?letter=abhttps:\/\/galerieleminotaure.net\/artist\/aronson-boris\/?letter=ab\"><span style=\"font-size: 14pt;\"><strong>ARONSON, BORIS<\/strong><\/span><\/a><\/p>\n<div class=\"page\" title=\"Provenance Succession of the artistExhibitionsParis 2006, &quot;Adolf Hoffmeister - Faces and Collages&quot;, Galerie Le MinotaureParis 2015, &quot;Czech Avant-Garde in Paris&quot;, as part of Choices 2015, Le Minotaure Gallery - Galerie Alain Le GaillardBordeaux 2018, &quot;L&#039;image-livre. Publishers and Artists of the Czech Avant-Garde (1920-1930)&quot;, Museum of Decorative Arts and DesignBibliographyGallery The Minotaur, &quot;Adolf Hoffmeister - Faces and Collages&quot;, exhibition catalogue, ill. p. 25.\u00c9ditions Le Minotaure # 8 - May 2015, &quot;Les avant-gardes tch\u00e8ques \u00e0 Paris&quot;, reproduced p. 4.F. Smejkal, &quot;Hoffmeister&#039;s Ironic Chronicle&quot;, North Bohemian Gallery of Fine Arts, Litomerice, 2016, p. 95.\">\n<div class=\"layoutArea\">\n<div class=\"column\">1925<br \/>\nGouache on cardboard<\/div>\n<div class=\"column\">18 x 25,5 cm<\/div>\n<\/div>\n<\/div>","protected":false},"featured_media":506,"template":"","meta":{"_coblocks_attr":"","_coblocks_dimensions":"","_coblocks_responsive_height":"","_coblocks_accordion_ie_support":""},"product_brand":[],"product_cat":[21],"product_tag":[],"class_list":{"0":"post-519","1":"product","2":"type-product","3":"status-publish","4":"has-post-thumbnail","6":"product_cat-oeuvres-originales","8":"first","9":"instock","10":"sold-individually","11":"shipping-taxable","12":"purchasable","13":"product-type-simple"},"yoast_head":"<!-- This site is optimized with the Yoast SEO plugin v27.4 - https:\/\/yoast.com\/product\/yoast-seo-wordpress\/ -->\n<title>D\u00e9cor de sc\u00e8ne - Bronx Express &#8226; Galerie Le Minotaure - La Boutique<\/title>\n<meta name=\"robots\" content=\"index, follow, max-snippet:-1, max-image-preview:large, max-video-preview:-1\" \/>\n<link rel=\"canonical\" href=\"https:\/\/galerieleminotaure-boutique.fr\/en\/shop\/decor-de-scene-bronx-express\/\" \/>\n<meta property=\"og:locale\" content=\"en_GB\" \/>\n<meta property=\"og:type\" content=\"article\" \/>\n<meta property=\"og:title\" content=\"D\u00e9cor de sc\u00e8ne - Bronx Express &#8226; Galerie Le Minotaure - La Boutique\" \/>\n<meta property=\"og:description\" content=\"ARONSON, BORIS   1925 Gouache sur carton 18 x 25,5 cm\" \/>\n<meta property=\"og:url\" content=\"https:\/\/galerieleminotaure-boutique.fr\/en\/shop\/decor-de-scene-bronx-express\/\" \/>\n<meta property=\"og:site_name\" content=\"Galerie Le Minotaure - La Boutique\" \/>\n<meta property=\"article:publisher\" content=\"https:\/\/www.facebook.com\/GalerieLeMinotaure\" \/>\n<meta property=\"article:modified_time\" content=\"2021-11-17T09:31:27+00:00\" \/>\n<meta property=\"og:image\" content=\"https:\/\/galerieleminotaure-boutique.fr\/wp-content\/uploads\/2021\/05\/Capture-de\u0301cran-2021-05-05-a\u0300-10.23.58.png\" \/>\n\t<meta property=\"og:image:width\" content=\"980\" \/>\n\t<meta property=\"og:image:height\" content=\"630\" \/>\n\t<meta property=\"og:image:type\" content=\"image\/png\" \/>\n<meta name=\"twitter:card\" content=\"summary_large_image\" \/>\n<meta name=\"twitter:site\" content=\"@MinotaureArt\" \/>\n<meta name=\"twitter:label1\" content=\"Estimated reading time\" \/>\n\t<meta name=\"twitter:data1\" content=\"1 minute\" \/>\n<script type=\"application\/ld+json\" class=\"yoast-schema-graph\">{\"@context\":\"https:\\\/\\\/schema.org\",\"@graph\":[{\"@type\":\"WebPage\",\"@id\":\"https:\\\/\\\/galerieleminotaure-boutique.fr\\\/shop\\\/decor-de-scene-bronx-express\",\"url\":\"https:\\\/\\\/galerieleminotaure-boutique.fr\\\/shop\\\/decor-de-scene-bronx-express\",\"name\":\"D\u00e9cor de sc\u00e8ne - Bronx Express &#8226; Galerie Le Minotaure - La Boutique\",\"isPartOf\":{\"@id\":\"https:\\\/\\\/galerieleminotaure-boutique.fr\\\/#website\"},\"primaryImageOfPage\":{\"@id\":\"https:\\\/\\\/galerieleminotaure-boutique.fr\\\/shop\\\/decor-de-scene-bronx-express#primaryimage\"},\"image\":{\"@id\":\"https:\\\/\\\/galerieleminotaure-boutique.fr\\\/shop\\\/decor-de-scene-bronx-express#primaryimage\"},\"thumbnailUrl\":\"https:\\\/\\\/galerieleminotaure-boutique.fr\\\/wp-content\\\/uploads\\\/2021\\\/05\\\/Capture-de\u0301cran-2021-05-05-a\u0300-10.23.58.png\",\"datePublished\":\"2021-05-05T12:17:58+00:00\",\"dateModified\":\"2021-11-17T09:31:27+00:00\",\"breadcrumb\":{\"@id\":\"https:\\\/\\\/galerieleminotaure-boutique.fr\\\/shop\\\/decor-de-scene-bronx-express#breadcrumb\"},\"inLanguage\":\"en-GB\",\"potentialAction\":[{\"@type\":\"ReadAction\",\"target\":[\"https:\\\/\\\/galerieleminotaure-boutique.fr\\\/shop\\\/decor-de-scene-bronx-express\"]}]},{\"@type\":\"ImageObject\",\"inLanguage\":\"en-GB\",\"@id\":\"https:\\\/\\\/galerieleminotaure-boutique.fr\\\/shop\\\/decor-de-scene-bronx-express#primaryimage\",\"url\":\"https:\\\/\\\/galerieleminotaure-boutique.fr\\\/wp-content\\\/uploads\\\/2021\\\/05\\\/Capture-de\u0301cran-2021-05-05-a\u0300-10.23.58.png\",\"contentUrl\":\"https:\\\/\\\/galerieleminotaure-boutique.fr\\\/wp-content\\\/uploads\\\/2021\\\/05\\\/Capture-de\u0301cran-2021-05-05-a\u0300-10.23.58.png\",\"width\":980,\"height\":630},{\"@type\":\"BreadcrumbList\",\"@id\":\"https:\\\/\\\/galerieleminotaure-boutique.fr\\\/shop\\\/decor-de-scene-bronx-express#breadcrumb\",\"itemListElement\":[{\"@type\":\"ListItem\",\"position\":1,\"name\":\"Home\",\"item\":\"https:\\\/\\\/galerieleminotaure-boutique.fr\\\/\"},{\"@type\":\"ListItem\",\"position\":2,\"name\":\"Boutique\",\"item\":\"https:\\\/\\\/galerieleminotaure-boutique.fr\\\/shop\"},{\"@type\":\"ListItem\",\"position\":3,\"name\":\"D\u00e9cor de sc\u00e8ne &#8211; Bronx Express\"}]},{\"@type\":\"WebSite\",\"@id\":\"https:\\\/\\\/galerieleminotaure-boutique.fr\\\/#website\",\"url\":\"https:\\\/\\\/galerieleminotaure-boutique.fr\\\/\",\"name\":\"Galerie Le Minotaure - La Boutique\",\"description\":\"\",\"publisher\":{\"@id\":\"https:\\\/\\\/galerieleminotaure-boutique.fr\\\/#organization\"},\"potentialAction\":[{\"@type\":\"SearchAction\",\"target\":{\"@type\":\"EntryPoint\",\"urlTemplate\":\"https:\\\/\\\/galerieleminotaure-boutique.fr\\\/?s={search_term_string}\"},\"query-input\":{\"@type\":\"PropertyValueSpecification\",\"valueRequired\":true,\"valueName\":\"search_term_string\"}}],\"inLanguage\":\"en-GB\"},{\"@type\":\"Organization\",\"@id\":\"https:\\\/\\\/galerieleminotaure-boutique.fr\\\/#organization\",\"name\":\"Galerie Le Minotaure\",\"url\":\"https:\\\/\\\/galerieleminotaure-boutique.fr\\\/\",\"logo\":{\"@type\":\"ImageObject\",\"inLanguage\":\"en-GB\",\"@id\":\"https:\\\/\\\/galerieleminotaure-boutique.fr\\\/#\\\/schema\\\/logo\\\/image\\\/\",\"url\":\"https:\\\/\\\/secureservercdn.net\\\/160.153.138.177\\\/5h4.51a.myftpupload.com\\\/wp-content\\\/uploads\\\/2021\\\/03\\\/logo.png?time=1618481460\",\"contentUrl\":\"https:\\\/\\\/secureservercdn.net\\\/160.153.138.177\\\/5h4.51a.myftpupload.com\\\/wp-content\\\/uploads\\\/2021\\\/03\\\/logo.png?time=1618481460\",\"width\":1024,\"height\":186,\"caption\":\"Galerie Le Minotaure\"},\"image\":{\"@id\":\"https:\\\/\\\/galerieleminotaure-boutique.fr\\\/#\\\/schema\\\/logo\\\/image\\\/\"},\"sameAs\":[\"https:\\\/\\\/www.facebook.com\\\/GalerieLeMinotaure\",\"https:\\\/\\\/x.com\\\/MinotaureArt\",\"https:\\\/\\\/www.instagram.com\\\/leminotaure_gallery\\\/\",\"https:\\\/\\\/www.youtube.com\\\/channel\\\/UCRdoDs3px50xfXu3EEkpNRA\"]}]}<\/script>\n<!-- \/ Yoast SEO plugin. -->","yoast_head_json":{"title":"D\u00e9cor de sc\u00e8ne - Bronx Express &#8226; Galerie Le Minotaure - La Boutique","robots":{"index":"index","follow":"follow","max-snippet":"max-snippet:-1","max-image-preview":"max-image-preview:large","max-video-preview":"max-video-preview:-1"},"canonical":"https:\/\/galerieleminotaure-boutique.fr\/en\/shop\/decor-de-scene-bronx-express\/","og_locale":"en_GB","og_type":"article","og_title":"D\u00e9cor de sc\u00e8ne - Bronx Express &#8226; Galerie Le Minotaure - La Boutique","og_description":"ARONSON, BORIS   1925 Gouache sur carton 18 x 25,5 cm","og_url":"https:\/\/galerieleminotaure-boutique.fr\/en\/shop\/decor-de-scene-bronx-express\/","og_site_name":"Galerie Le Minotaure - La Boutique","article_publisher":"https:\/\/www.facebook.com\/GalerieLeMinotaure","article_modified_time":"2021-11-17T09:31:27+00:00","og_image":[{"width":980,"height":630,"url":"https:\/\/galerieleminotaure-boutique.fr\/wp-content\/uploads\/2021\/05\/Capture-de\u0301cran-2021-05-05-a\u0300-10.23.58.png","type":"image\/png"}],"twitter_card":"summary_large_image","twitter_site":"@MinotaureArt","twitter_misc":{"Estimated reading time":"1 minute"},"schema":{"@context":"https:\/\/schema.org","@graph":[{"@type":"WebPage","@id":"https:\/\/galerieleminotaure-boutique.fr\/shop\/decor-de-scene-bronx-express","url":"https:\/\/galerieleminotaure-boutique.fr\/shop\/decor-de-scene-bronx-express","name":"D\u00e9cor de sc\u00e8ne - Bronx Express &#8226; Galerie Le Minotaure - La Boutique","isPartOf":{"@id":"https:\/\/galerieleminotaure-boutique.fr\/#website"},"primaryImageOfPage":{"@id":"https:\/\/galerieleminotaure-boutique.fr\/shop\/decor-de-scene-bronx-express#primaryimage"},"image":{"@id":"https:\/\/galerieleminotaure-boutique.fr\/shop\/decor-de-scene-bronx-express#primaryimage"},"thumbnailUrl":"https:\/\/galerieleminotaure-boutique.fr\/wp-content\/uploads\/2021\/05\/Capture-de\u0301cran-2021-05-05-a\u0300-10.23.58.png","datePublished":"2021-05-05T12:17:58+00:00","dateModified":"2021-11-17T09:31:27+00:00","breadcrumb":{"@id":"https:\/\/galerieleminotaure-boutique.fr\/shop\/decor-de-scene-bronx-express#breadcrumb"},"inLanguage":"en-GB","potentialAction":[{"@type":"ReadAction","target":["https:\/\/galerieleminotaure-boutique.fr\/shop\/decor-de-scene-bronx-express"]}]},{"@type":"ImageObject","inLanguage":"en-GB","@id":"https:\/\/galerieleminotaure-boutique.fr\/shop\/decor-de-scene-bronx-express#primaryimage","url":"https:\/\/galerieleminotaure-boutique.fr\/wp-content\/uploads\/2021\/05\/Capture-de\u0301cran-2021-05-05-a\u0300-10.23.58.png","contentUrl":"https:\/\/galerieleminotaure-boutique.fr\/wp-content\/uploads\/2021\/05\/Capture-de\u0301cran-2021-05-05-a\u0300-10.23.58.png","width":980,"height":630},{"@type":"BreadcrumbList","@id":"https:\/\/galerieleminotaure-boutique.fr\/shop\/decor-de-scene-bronx-express#breadcrumb","itemListElement":[{"@type":"ListItem","position":1,"name":"Home","item":"https:\/\/galerieleminotaure-boutique.fr\/"},{"@type":"ListItem","position":2,"name":"Boutique","item":"https:\/\/galerieleminotaure-boutique.fr\/shop"},{"@type":"ListItem","position":3,"name":"D\u00e9cor de sc\u00e8ne &#8211; Bronx Express"}]},{"@type":"WebSite","@id":"https:\/\/galerieleminotaure-boutique.fr\/#website","url":"https:\/\/galerieleminotaure-boutique.fr\/","name":"Galerie Le Minotaure - La Boutique","description":"","publisher":{"@id":"https:\/\/galerieleminotaure-boutique.fr\/#organization"},"potentialAction":[{"@type":"SearchAction","target":{"@type":"EntryPoint","urlTemplate":"https:\/\/galerieleminotaure-boutique.fr\/?s={search_term_string}"},"query-input":{"@type":"PropertyValueSpecification","valueRequired":true,"valueName":"search_term_string"}}],"inLanguage":"en-GB"},{"@type":"Organization","@id":"https:\/\/galerieleminotaure-boutique.fr\/#organization","name":"Galerie Le Minotaure","url":"https:\/\/galerieleminotaure-boutique.fr\/","logo":{"@type":"ImageObject","inLanguage":"en-GB","@id":"https:\/\/galerieleminotaure-boutique.fr\/#\/schema\/logo\/image\/","url":"https:\/\/secureservercdn.net\/160.153.138.177\/5h4.51a.myftpupload.com\/wp-content\/uploads\/2021\/03\/logo.png?time=1618481460","contentUrl":"https:\/\/secureservercdn.net\/160.153.138.177\/5h4.51a.myftpupload.com\/wp-content\/uploads\/2021\/03\/logo.png?time=1618481460","width":1024,"height":186,"caption":"Galerie Le Minotaure"},"image":{"@id":"https:\/\/galerieleminotaure-boutique.fr\/#\/schema\/logo\/image\/"},"sameAs":["https:\/\/www.facebook.com\/GalerieLeMinotaure","https:\/\/x.com\/MinotaureArt","https:\/\/www.instagram.com\/leminotaure_gallery\/","https:\/\/www.youtube.com\/channel\/UCRdoDs3px50xfXu3EEkpNRA"]}]}},"_links":{"self":[{"href":"https:\/\/galerieleminotaure-boutique.fr\/en\/wp-json\/wp\/v2\/product\/519","targetHints":{"allow":["GET"]}}],"collection":[{"href":"https:\/\/galerieleminotaure-boutique.fr\/en\/wp-json\/wp\/v2\/product"}],"about":[{"href":"https:\/\/galerieleminotaure-boutique.fr\/en\/wp-json\/wp\/v2\/types\/product"}],"wp:featuredmedia":[{"embeddable":true,"href":"https:\/\/galerieleminotaure-boutique.fr\/en\/wp-json\/wp\/v2\/media\/506"}],"wp:attachment":[{"href":"https:\/\/galerieleminotaure-boutique.fr\/en\/wp-json\/wp\/v2\/media?parent=519"}],"wp:term":[{"taxonomy":"product_brand","embeddable":true,"href":"https:\/\/galerieleminotaure-boutique.fr\/en\/wp-json\/wp\/v2\/product_brand?post=519"},{"taxonomy":"product_cat","embeddable":true,"href":"https:\/\/galerieleminotaure-boutique.fr\/en\/wp-json\/wp\/v2\/product_cat?post=519"},{"taxonomy":"product_tag","embeddable":true,"href":"https:\/\/galerieleminotaure-boutique.fr\/en\/wp-json\/wp\/v2\/product_tag?post=519"}],"curies":[{"name":"wp","href":"https:\/\/api.w.org\/{rel}","templated":true}]}}