{"id":524,"date":"2021-05-05T12:36:16","date_gmt":"2021-05-05T12:36:16","guid":{"rendered":"https:\/\/galerieleminotaure-boutique.fr\/?post_type=product&#038;p=524"},"modified":"2021-05-05T12:36:17","modified_gmt":"2021-05-05T12:36:17","slug":"sans-titre-12","status":"publish","type":"product","link":"https:\/\/galerieleminotaure-boutique.fr\/en\/shop\/sans-titre-12","title":{"rendered":"Untitled"},"content":{"rendered":"<p><a href=\"https:\/\/galerieleminotaure.net\/fr\/artist\/elkin-vassily\/?letter=cj\">Elkin, Vassily<\/a><\/p>\n<div class=\"page\" title=\"Provenance Succession of the artistExhibitionsParis 2006, &quot;Adolf Hoffmeister - Faces and Collages&quot;, Galerie Le MinotaureParis 2015, &quot;Czech Avant-Garde in Paris&quot;, as part of Choices 2015, Le Minotaure Gallery - Galerie Alain Le GaillardBordeaux 2018, &quot;L&#039;image-livre. Publishers and Artists of the Czech Avant-Garde (1920-1930)&quot;, Museum of Decorative Arts and DesignBibliographyGallery The Minotaur, &quot;Adolf Hoffmeister - Faces and Collages&quot;, exhibition catalogue, ill. p. 25.\u00c9ditions Le Minotaure # 8 - May 2015, &quot;Les avant-gardes tch\u00e8ques \u00e0 Paris&quot;, reproduced p. 4.F. Smejkal, &quot;Hoffmeister&#039;s Ironic Chronicle&quot;, North Bohemian Gallery of Fine Arts, Litomerice, 2016, p. 95.\">\n<div class=\"layoutArea\">\n<div class=\"column\">\n<p>Provenance<br \/>\n<span style=\"font-size: inherit;letter-spacing: 0px\">Artist's family\u2028<\/span><\/p>\n<p>Bibliography<\/p>\n<p><span style=\"letter-spacing: 0px\">Jean-Claude Marcad\u00e9-Alexei Loginov-Gustav Klucis, Russian and soviet collages 1920- 1990, The State Russian Museum, Palace Edition, Saint Petersburg, 2005, illustrated p. 51\u2028<\/span><\/p>\n<\/div>\n<\/div>\n<\/div>","protected":false},"excerpt":{"rendered":"<p><a href=\"https:\/\/galerieleminotaure.net\/fr\/artist\/elkin-vassily\/?letter=cj\"><span style=\"font-size: 14pt\"><strong>ELKIN, VASSILY<\/strong><\/span><\/a><\/p>\n<div class=\"page\" title=\"Provenance Succession of the artistExhibitionsParis 2006, &quot;Adolf Hoffmeister - Faces and Collages&quot;, Galerie Le MinotaureParis 2015, &quot;Czech Avant-Garde in Paris&quot;, as part of Choices 2015, Le Minotaure Gallery - Galerie Alain Le GaillardBordeaux 2018, &quot;L&#039;image-livre. Publishers and Artists of the Czech Avant-Garde (1920-1930)&quot;, Museum of Decorative Arts and DesignBibliographyGallery The Minotaur, &quot;Adolf Hoffmeister - Faces and Collages&quot;, exhibition catalogue, ill. p. 25.\u00c9ditions Le Minotaure # 8 - May 2015, &quot;Les avant-gardes tch\u00e8ques \u00e0 Paris&quot;, reproduced p. 4.F. Smejkal, &quot;Hoffmeister&#039;s Ironic Chronicle&quot;, North Bohemian Gallery of Fine Arts, Litomerice, 2016, p. 95.\">\n<div class=\"layoutArea\">\n<div class=\"column\">Executed<br \/>\n1930<br \/>\nPhotocollage<br \/>\n11,5\u2028 x\u2028 21\u2028 cm<\/div>\n<\/div>\n<\/div>","protected":false},"featured_media":522,"template":"","meta":{"_coblocks_attr":"","_coblocks_dimensions":"","_coblocks_responsive_height":"","_coblocks_accordion_ie_support":""},"product_brand":[],"product_cat":[21],"product_tag":[],"class_list":{"0":"post-524","1":"product","2":"type-product","3":"status-publish","4":"has-post-thumbnail","6":"product_cat-oeuvres-originales","8":"first","9":"instock","10":"sold-individually","11":"shipping-taxable","12":"purchasable","13":"product-type-simple"},"yoast_head":"<!-- This site is optimized with the Yoast SEO plugin v27.4 - https:\/\/yoast.com\/product\/yoast-seo-wordpress\/ -->\n<title>Sans titre &#8226; Galerie Le Minotaure - La Boutique<\/title>\n<meta name=\"robots\" content=\"index, follow, max-snippet:-1, max-image-preview:large, max-video-preview:-1\" \/>\n<link rel=\"canonical\" href=\"https:\/\/galerieleminotaure-boutique.fr\/en\/shop\/sans-titre-12\/\" \/>\n<meta property=\"og:locale\" content=\"en_GB\" \/>\n<meta property=\"og:type\" content=\"article\" \/>\n<meta property=\"og:title\" content=\"Sans titre &#8226; Galerie Le Minotaure - La Boutique\" \/>\n<meta property=\"og:description\" content=\"ELKIN, VASSILY   Exe\u0301cute\u0301 1930 Photocollage 11,5\u2028 x\u2028 21\u2028 cm\" \/>\n<meta property=\"og:url\" content=\"https:\/\/galerieleminotaure-boutique.fr\/en\/shop\/sans-titre-12\/\" \/>\n<meta property=\"og:site_name\" content=\"Galerie Le Minotaure - La Boutique\" \/>\n<meta property=\"article:publisher\" content=\"https:\/\/www.facebook.com\/GalerieLeMinotaure\" \/>\n<meta property=\"article:modified_time\" content=\"2021-05-05T12:36:17+00:00\" \/>\n<meta property=\"og:image\" content=\"https:\/\/galerieleminotaure-boutique.fr\/wp-content\/uploads\/2021\/05\/Capture-de\u0301cran-2021-05-05-a\u0300-14.25.57.png\" \/>\n\t<meta property=\"og:image:width\" content=\"812\" \/>\n\t<meta property=\"og:image:height\" content=\"430\" \/>\n\t<meta property=\"og:image:type\" content=\"image\/png\" \/>\n<meta name=\"twitter:card\" content=\"summary_large_image\" \/>\n<meta name=\"twitter:site\" content=\"@MinotaureArt\" \/>\n<meta name=\"twitter:label1\" content=\"Estimated reading time\" \/>\n\t<meta name=\"twitter:data1\" content=\"1 minute\" \/>\n<script type=\"application\/ld+json\" class=\"yoast-schema-graph\">{\"@context\":\"https:\\\/\\\/schema.org\",\"@graph\":[{\"@type\":\"WebPage\",\"@id\":\"https:\\\/\\\/galerieleminotaure-boutique.fr\\\/shop\\\/sans-titre-12\",\"url\":\"https:\\\/\\\/galerieleminotaure-boutique.fr\\\/shop\\\/sans-titre-12\",\"name\":\"Sans titre &#8226; Galerie Le Minotaure - La Boutique\",\"isPartOf\":{\"@id\":\"https:\\\/\\\/galerieleminotaure-boutique.fr\\\/#website\"},\"primaryImageOfPage\":{\"@id\":\"https:\\\/\\\/galerieleminotaure-boutique.fr\\\/shop\\\/sans-titre-12#primaryimage\"},\"image\":{\"@id\":\"https:\\\/\\\/galerieleminotaure-boutique.fr\\\/shop\\\/sans-titre-12#primaryimage\"},\"thumbnailUrl\":\"https:\\\/\\\/galerieleminotaure-boutique.fr\\\/wp-content\\\/uploads\\\/2021\\\/05\\\/Capture-de\u0301cran-2021-05-05-a\u0300-14.25.57.png\",\"datePublished\":\"2021-05-05T12:36:16+00:00\",\"dateModified\":\"2021-05-05T12:36:17+00:00\",\"breadcrumb\":{\"@id\":\"https:\\\/\\\/galerieleminotaure-boutique.fr\\\/shop\\\/sans-titre-12#breadcrumb\"},\"inLanguage\":\"en-GB\",\"potentialAction\":[{\"@type\":\"ReadAction\",\"target\":[\"https:\\\/\\\/galerieleminotaure-boutique.fr\\\/shop\\\/sans-titre-12\"]}]},{\"@type\":\"ImageObject\",\"inLanguage\":\"en-GB\",\"@id\":\"https:\\\/\\\/galerieleminotaure-boutique.fr\\\/shop\\\/sans-titre-12#primaryimage\",\"url\":\"https:\\\/\\\/galerieleminotaure-boutique.fr\\\/wp-content\\\/uploads\\\/2021\\\/05\\\/Capture-de\u0301cran-2021-05-05-a\u0300-14.25.57.png\",\"contentUrl\":\"https:\\\/\\\/galerieleminotaure-boutique.fr\\\/wp-content\\\/uploads\\\/2021\\\/05\\\/Capture-de\u0301cran-2021-05-05-a\u0300-14.25.57.png\",\"width\":812,\"height\":430},{\"@type\":\"BreadcrumbList\",\"@id\":\"https:\\\/\\\/galerieleminotaure-boutique.fr\\\/shop\\\/sans-titre-12#breadcrumb\",\"itemListElement\":[{\"@type\":\"ListItem\",\"position\":1,\"name\":\"Home\",\"item\":\"https:\\\/\\\/galerieleminotaure-boutique.fr\\\/\"},{\"@type\":\"ListItem\",\"position\":2,\"name\":\"Boutique\",\"item\":\"https:\\\/\\\/galerieleminotaure-boutique.fr\\\/shop\"},{\"@type\":\"ListItem\",\"position\":3,\"name\":\"Sans titre\"}]},{\"@type\":\"WebSite\",\"@id\":\"https:\\\/\\\/galerieleminotaure-boutique.fr\\\/#website\",\"url\":\"https:\\\/\\\/galerieleminotaure-boutique.fr\\\/\",\"name\":\"Galerie Le Minotaure - La Boutique\",\"description\":\"\",\"publisher\":{\"@id\":\"https:\\\/\\\/galerieleminotaure-boutique.fr\\\/#organization\"},\"potentialAction\":[{\"@type\":\"SearchAction\",\"target\":{\"@type\":\"EntryPoint\",\"urlTemplate\":\"https:\\\/\\\/galerieleminotaure-boutique.fr\\\/?s={search_term_string}\"},\"query-input\":{\"@type\":\"PropertyValueSpecification\",\"valueRequired\":true,\"valueName\":\"search_term_string\"}}],\"inLanguage\":\"en-GB\"},{\"@type\":\"Organization\",\"@id\":\"https:\\\/\\\/galerieleminotaure-boutique.fr\\\/#organization\",\"name\":\"Galerie Le Minotaure\",\"url\":\"https:\\\/\\\/galerieleminotaure-boutique.fr\\\/\",\"logo\":{\"@type\":\"ImageObject\",\"inLanguage\":\"en-GB\",\"@id\":\"https:\\\/\\\/galerieleminotaure-boutique.fr\\\/#\\\/schema\\\/logo\\\/image\\\/\",\"url\":\"https:\\\/\\\/secureservercdn.net\\\/160.153.138.177\\\/5h4.51a.myftpupload.com\\\/wp-content\\\/uploads\\\/2021\\\/03\\\/logo.png?time=1618481460\",\"contentUrl\":\"https:\\\/\\\/secureservercdn.net\\\/160.153.138.177\\\/5h4.51a.myftpupload.com\\\/wp-content\\\/uploads\\\/2021\\\/03\\\/logo.png?time=1618481460\",\"width\":1024,\"height\":186,\"caption\":\"Galerie Le Minotaure\"},\"image\":{\"@id\":\"https:\\\/\\\/galerieleminotaure-boutique.fr\\\/#\\\/schema\\\/logo\\\/image\\\/\"},\"sameAs\":[\"https:\\\/\\\/www.facebook.com\\\/GalerieLeMinotaure\",\"https:\\\/\\\/x.com\\\/MinotaureArt\",\"https:\\\/\\\/www.instagram.com\\\/leminotaure_gallery\\\/\",\"https:\\\/\\\/www.youtube.com\\\/channel\\\/UCRdoDs3px50xfXu3EEkpNRA\"]}]}<\/script>\n<!-- \/ Yoast SEO plugin. -->","yoast_head_json":{"title":"Sans titre &#8226; Galerie Le Minotaure - La Boutique","robots":{"index":"index","follow":"follow","max-snippet":"max-snippet:-1","max-image-preview":"max-image-preview:large","max-video-preview":"max-video-preview:-1"},"canonical":"https:\/\/galerieleminotaure-boutique.fr\/en\/shop\/sans-titre-12\/","og_locale":"en_GB","og_type":"article","og_title":"Sans titre &#8226; Galerie Le Minotaure - La Boutique","og_description":"ELKIN, VASSILY   Exe\u0301cute\u0301 1930 Photocollage 11,5\u2028 x\u2028 21\u2028 cm","og_url":"https:\/\/galerieleminotaure-boutique.fr\/en\/shop\/sans-titre-12\/","og_site_name":"Galerie Le Minotaure - La Boutique","article_publisher":"https:\/\/www.facebook.com\/GalerieLeMinotaure","article_modified_time":"2021-05-05T12:36:17+00:00","og_image":[{"width":812,"height":430,"url":"https:\/\/galerieleminotaure-boutique.fr\/wp-content\/uploads\/2021\/05\/Capture-de\u0301cran-2021-05-05-a\u0300-14.25.57.png","type":"image\/png"}],"twitter_card":"summary_large_image","twitter_site":"@MinotaureArt","twitter_misc":{"Estimated reading time":"1 minute"},"schema":{"@context":"https:\/\/schema.org","@graph":[{"@type":"WebPage","@id":"https:\/\/galerieleminotaure-boutique.fr\/shop\/sans-titre-12","url":"https:\/\/galerieleminotaure-boutique.fr\/shop\/sans-titre-12","name":"Sans titre &#8226; Galerie Le Minotaure - La Boutique","isPartOf":{"@id":"https:\/\/galerieleminotaure-boutique.fr\/#website"},"primaryImageOfPage":{"@id":"https:\/\/galerieleminotaure-boutique.fr\/shop\/sans-titre-12#primaryimage"},"image":{"@id":"https:\/\/galerieleminotaure-boutique.fr\/shop\/sans-titre-12#primaryimage"},"thumbnailUrl":"https:\/\/galerieleminotaure-boutique.fr\/wp-content\/uploads\/2021\/05\/Capture-de\u0301cran-2021-05-05-a\u0300-14.25.57.png","datePublished":"2021-05-05T12:36:16+00:00","dateModified":"2021-05-05T12:36:17+00:00","breadcrumb":{"@id":"https:\/\/galerieleminotaure-boutique.fr\/shop\/sans-titre-12#breadcrumb"},"inLanguage":"en-GB","potentialAction":[{"@type":"ReadAction","target":["https:\/\/galerieleminotaure-boutique.fr\/shop\/sans-titre-12"]}]},{"@type":"ImageObject","inLanguage":"en-GB","@id":"https:\/\/galerieleminotaure-boutique.fr\/shop\/sans-titre-12#primaryimage","url":"https:\/\/galerieleminotaure-boutique.fr\/wp-content\/uploads\/2021\/05\/Capture-de\u0301cran-2021-05-05-a\u0300-14.25.57.png","contentUrl":"https:\/\/galerieleminotaure-boutique.fr\/wp-content\/uploads\/2021\/05\/Capture-de\u0301cran-2021-05-05-a\u0300-14.25.57.png","width":812,"height":430},{"@type":"BreadcrumbList","@id":"https:\/\/galerieleminotaure-boutique.fr\/shop\/sans-titre-12#breadcrumb","itemListElement":[{"@type":"ListItem","position":1,"name":"Home","item":"https:\/\/galerieleminotaure-boutique.fr\/"},{"@type":"ListItem","position":2,"name":"Boutique","item":"https:\/\/galerieleminotaure-boutique.fr\/shop"},{"@type":"ListItem","position":3,"name":"Sans titre"}]},{"@type":"WebSite","@id":"https:\/\/galerieleminotaure-boutique.fr\/#website","url":"https:\/\/galerieleminotaure-boutique.fr\/","name":"Galerie Le Minotaure - La Boutique","description":"","publisher":{"@id":"https:\/\/galerieleminotaure-boutique.fr\/#organization"},"potentialAction":[{"@type":"SearchAction","target":{"@type":"EntryPoint","urlTemplate":"https:\/\/galerieleminotaure-boutique.fr\/?s={search_term_string}"},"query-input":{"@type":"PropertyValueSpecification","valueRequired":true,"valueName":"search_term_string"}}],"inLanguage":"en-GB"},{"@type":"Organization","@id":"https:\/\/galerieleminotaure-boutique.fr\/#organization","name":"Galerie Le Minotaure","url":"https:\/\/galerieleminotaure-boutique.fr\/","logo":{"@type":"ImageObject","inLanguage":"en-GB","@id":"https:\/\/galerieleminotaure-boutique.fr\/#\/schema\/logo\/image\/","url":"https:\/\/secureservercdn.net\/160.153.138.177\/5h4.51a.myftpupload.com\/wp-content\/uploads\/2021\/03\/logo.png?time=1618481460","contentUrl":"https:\/\/secureservercdn.net\/160.153.138.177\/5h4.51a.myftpupload.com\/wp-content\/uploads\/2021\/03\/logo.png?time=1618481460","width":1024,"height":186,"caption":"Galerie Le Minotaure"},"image":{"@id":"https:\/\/galerieleminotaure-boutique.fr\/#\/schema\/logo\/image\/"},"sameAs":["https:\/\/www.facebook.com\/GalerieLeMinotaure","https:\/\/x.com\/MinotaureArt","https:\/\/www.instagram.com\/leminotaure_gallery\/","https:\/\/www.youtube.com\/channel\/UCRdoDs3px50xfXu3EEkpNRA"]}]}},"_links":{"self":[{"href":"https:\/\/galerieleminotaure-boutique.fr\/en\/wp-json\/wp\/v2\/product\/524","targetHints":{"allow":["GET"]}}],"collection":[{"href":"https:\/\/galerieleminotaure-boutique.fr\/en\/wp-json\/wp\/v2\/product"}],"about":[{"href":"https:\/\/galerieleminotaure-boutique.fr\/en\/wp-json\/wp\/v2\/types\/product"}],"wp:featuredmedia":[{"embeddable":true,"href":"https:\/\/galerieleminotaure-boutique.fr\/en\/wp-json\/wp\/v2\/media\/522"}],"wp:attachment":[{"href":"https:\/\/galerieleminotaure-boutique.fr\/en\/wp-json\/wp\/v2\/media?parent=524"}],"wp:term":[{"taxonomy":"product_brand","embeddable":true,"href":"https:\/\/galerieleminotaure-boutique.fr\/en\/wp-json\/wp\/v2\/product_brand?post=524"},{"taxonomy":"product_cat","embeddable":true,"href":"https:\/\/galerieleminotaure-boutique.fr\/en\/wp-json\/wp\/v2\/product_cat?post=524"},{"taxonomy":"product_tag","embeddable":true,"href":"https:\/\/galerieleminotaure-boutique.fr\/en\/wp-json\/wp\/v2\/product_tag?post=524"}],"curies":[{"name":"wp","href":"https:\/\/api.w.org\/{rel}","templated":true}]}}