{"id":550,"date":"2021-05-05T14:04:33","date_gmt":"2021-05-05T14:04:33","guid":{"rendered":"https:\/\/galerieleminotaure-boutique.fr\/?post_type=product&#038;p=550"},"modified":"2021-05-07T12:24:16","modified_gmt":"2021-05-07T12:24:16","slug":"jean-cocteau","status":"publish","type":"product","link":"https:\/\/galerieleminotaure-boutique.fr\/en\/shop\/jean-cocteau","title":{"rendered":"Jean Cocteau"},"content":{"rendered":"<p><strong style=\"font-size: inherit;letter-spacing: 0px\">Exhibition<\/strong><\/p>\n<div class=\"page\" title=\"Provenance Succession of the artistExhibitionsParis 2006, &quot;Adolf Hoffmeister - Faces and Collages&quot;, Galerie Le MinotaureParis 2015, &quot;Czech Avant-Garde in Paris&quot;, as part of Choices 2015, Le Minotaure Gallery - Galerie Alain Le GaillardBordeaux 2018, &quot;L&#039;image-livre. Publishers and Artists of the Czech Avant-Garde (1920-1930)&quot;, Museum of Decorative Arts and DesignBibliographyGallery The Minotaur, &quot;Adolf Hoffmeister - Faces and Collages&quot;, exhibition catalogue, ill. p. 25.\u00c9ditions Le Minotaure # 8 - May 2015, &quot;Les avant-gardes tch\u00e8ques \u00e0 Paris&quot;, reproduced p. 4.F. Smejkal, &quot;Hoffmeister&#039;s Ironic Chronicle&quot;, North Bohemian Gallery of Fine Arts, Litomerice, 2016, p. 95.\">\n<div class=\"layoutArea\">\n<div class=\"column\">Paris 2018, \u00ab\u00a0Adolf Hoffmeister\u00a0\u00bb, Galerie Alain Le Gaillard<\/div>\n<div><\/div>\n<div class=\"column\"><strong>Bibliogrpahie<\/strong><\/div>\n<div><\/div>\n<div class=\"column\">F. Smejkal, \u00ab\u00a0Hoffmeister&rsquo;s Ironic Chronicle\u00a0\u00bb, North Bohemian Gallery of Fine Arts, Litomerice, 2016, p. 15.<\/div>\n<\/div>\n<\/div>","protected":false},"excerpt":{"rendered":"<p><strong><span style=\"font-size: 14pt\"><a href=\"https:\/\/galerieleminotaure.net\/fr\/artist\/hoffmeister-adolf\/?letter=cj\">HOFFMEISTER, ADOLF<\/a><\/span><\/strong><\/p>\n<div class=\"page\" title=\"Provenance Succession of the artistExhibitionsParis 2006, &quot;Adolf Hoffmeister - Faces and Collages&quot;, Galerie Le MinotaureParis 2015, &quot;Czech Avant-Garde in Paris&quot;, as part of Choices 2015, Le Minotaure Gallery - Galerie Alain Le GaillardBordeaux 2018, &quot;L&#039;image-livre. Publishers and Artists of the Czech Avant-Garde (1920-1930)&quot;, Museum of Decorative Arts and DesignBibliographyGallery The Minotaur, &quot;Adolf Hoffmeister - Faces and Collages&quot;, exhibition catalogue, ill. p. 25.\u00c9ditions Le Minotaure # 8 - May 2015, &quot;Les avant-gardes tch\u00e8ques \u00e0 Paris&quot;, reproduced p. 4.F. Smejkal, &quot;Hoffmeister&#039;s Ironic Chronicle&quot;, North Bohemian Gallery of Fine Arts, Litomerice, 2016, p. 95.\">\n<div class=\"layoutArea\">\n<div class=\"column\">1930<br \/>\nIndia ink and on paper<br \/>\n33 x 23 cm<br \/>\nMonogrammed and dated on the lower right hand side<\/div>\n<\/div>\n<\/div>","protected":false},"featured_media":549,"template":"","meta":{"_coblocks_attr":"","_coblocks_dimensions":"","_coblocks_responsive_height":"","_coblocks_accordion_ie_support":""},"product_brand":[],"product_cat":[21],"product_tag":[],"class_list":{"0":"post-550","1":"product","2":"type-product","3":"status-publish","4":"has-post-thumbnail","6":"product_cat-oeuvres-originales","8":"first","9":"instock","10":"sold-individually","11":"shipping-taxable","12":"purchasable","13":"product-type-simple"},"yoast_head":"<!-- This site is optimized with the Yoast SEO plugin v27.4 - https:\/\/yoast.com\/product\/yoast-seo-wordpress\/ -->\n<title>Jean Cocteau &#8226; Galerie Le Minotaure - La Boutique<\/title>\n<meta name=\"robots\" content=\"index, follow, max-snippet:-1, max-image-preview:large, max-video-preview:-1\" \/>\n<link rel=\"canonical\" href=\"https:\/\/galerieleminotaure-boutique.fr\/en\/shop\/jean-cocteau\/\" \/>\n<meta property=\"og:locale\" content=\"en_GB\" \/>\n<meta property=\"og:type\" content=\"article\" \/>\n<meta property=\"og:title\" content=\"Jean Cocteau &#8226; Galerie Le Minotaure - La Boutique\" \/>\n<meta property=\"og:description\" content=\"HOFFMEISTER, ADOLF   1930 Encre de Chine sur papier 33 x 23 cm Monogramme\u0301 et date\u0301 en bas a\u0300 droite\" \/>\n<meta property=\"og:url\" content=\"https:\/\/galerieleminotaure-boutique.fr\/en\/shop\/jean-cocteau\/\" \/>\n<meta property=\"og:site_name\" content=\"Galerie Le Minotaure - La Boutique\" \/>\n<meta property=\"article:publisher\" content=\"https:\/\/www.facebook.com\/GalerieLeMinotaure\" \/>\n<meta property=\"article:modified_time\" content=\"2021-05-07T12:24:16+00:00\" \/>\n<meta property=\"og:image\" content=\"https:\/\/galerieleminotaure-boutique.fr\/wp-content\/uploads\/2021\/05\/Capture-de\u0301cran-2021-05-05-a\u0300-16.00.45.png\" \/>\n\t<meta property=\"og:image:width\" content=\"610\" \/>\n\t<meta property=\"og:image:height\" content=\"862\" \/>\n\t<meta property=\"og:image:type\" content=\"image\/png\" \/>\n<meta name=\"twitter:card\" content=\"summary_large_image\" \/>\n<meta name=\"twitter:site\" content=\"@MinotaureArt\" \/>\n<meta name=\"twitter:label1\" content=\"Estimated reading time\" \/>\n\t<meta name=\"twitter:data1\" content=\"1 minute\" \/>\n<script type=\"application\/ld+json\" class=\"yoast-schema-graph\">{\"@context\":\"https:\\\/\\\/schema.org\",\"@graph\":[{\"@type\":\"WebPage\",\"@id\":\"https:\\\/\\\/galerieleminotaure-boutique.fr\\\/shop\\\/jean-cocteau\",\"url\":\"https:\\\/\\\/galerieleminotaure-boutique.fr\\\/shop\\\/jean-cocteau\",\"name\":\"Jean Cocteau &#8226; Galerie Le Minotaure - La Boutique\",\"isPartOf\":{\"@id\":\"https:\\\/\\\/galerieleminotaure-boutique.fr\\\/#website\"},\"primaryImageOfPage\":{\"@id\":\"https:\\\/\\\/galerieleminotaure-boutique.fr\\\/shop\\\/jean-cocteau#primaryimage\"},\"image\":{\"@id\":\"https:\\\/\\\/galerieleminotaure-boutique.fr\\\/shop\\\/jean-cocteau#primaryimage\"},\"thumbnailUrl\":\"https:\\\/\\\/galerieleminotaure-boutique.fr\\\/wp-content\\\/uploads\\\/2021\\\/05\\\/Capture-de\u0301cran-2021-05-05-a\u0300-16.00.45.png\",\"datePublished\":\"2021-05-05T14:04:33+00:00\",\"dateModified\":\"2021-05-07T12:24:16+00:00\",\"breadcrumb\":{\"@id\":\"https:\\\/\\\/galerieleminotaure-boutique.fr\\\/shop\\\/jean-cocteau#breadcrumb\"},\"inLanguage\":\"en-GB\",\"potentialAction\":[{\"@type\":\"ReadAction\",\"target\":[\"https:\\\/\\\/galerieleminotaure-boutique.fr\\\/shop\\\/jean-cocteau\"]}]},{\"@type\":\"ImageObject\",\"inLanguage\":\"en-GB\",\"@id\":\"https:\\\/\\\/galerieleminotaure-boutique.fr\\\/shop\\\/jean-cocteau#primaryimage\",\"url\":\"https:\\\/\\\/galerieleminotaure-boutique.fr\\\/wp-content\\\/uploads\\\/2021\\\/05\\\/Capture-de\u0301cran-2021-05-05-a\u0300-16.00.45.png\",\"contentUrl\":\"https:\\\/\\\/galerieleminotaure-boutique.fr\\\/wp-content\\\/uploads\\\/2021\\\/05\\\/Capture-de\u0301cran-2021-05-05-a\u0300-16.00.45.png\",\"width\":610,\"height\":862},{\"@type\":\"BreadcrumbList\",\"@id\":\"https:\\\/\\\/galerieleminotaure-boutique.fr\\\/shop\\\/jean-cocteau#breadcrumb\",\"itemListElement\":[{\"@type\":\"ListItem\",\"position\":1,\"name\":\"Home\",\"item\":\"https:\\\/\\\/galerieleminotaure-boutique.fr\\\/\"},{\"@type\":\"ListItem\",\"position\":2,\"name\":\"Boutique\",\"item\":\"https:\\\/\\\/galerieleminotaure-boutique.fr\\\/shop\"},{\"@type\":\"ListItem\",\"position\":3,\"name\":\"Jean Cocteau\"}]},{\"@type\":\"WebSite\",\"@id\":\"https:\\\/\\\/galerieleminotaure-boutique.fr\\\/#website\",\"url\":\"https:\\\/\\\/galerieleminotaure-boutique.fr\\\/\",\"name\":\"Galerie Le Minotaure - La Boutique\",\"description\":\"\",\"publisher\":{\"@id\":\"https:\\\/\\\/galerieleminotaure-boutique.fr\\\/#organization\"},\"potentialAction\":[{\"@type\":\"SearchAction\",\"target\":{\"@type\":\"EntryPoint\",\"urlTemplate\":\"https:\\\/\\\/galerieleminotaure-boutique.fr\\\/?s={search_term_string}\"},\"query-input\":{\"@type\":\"PropertyValueSpecification\",\"valueRequired\":true,\"valueName\":\"search_term_string\"}}],\"inLanguage\":\"en-GB\"},{\"@type\":\"Organization\",\"@id\":\"https:\\\/\\\/galerieleminotaure-boutique.fr\\\/#organization\",\"name\":\"Galerie Le Minotaure\",\"url\":\"https:\\\/\\\/galerieleminotaure-boutique.fr\\\/\",\"logo\":{\"@type\":\"ImageObject\",\"inLanguage\":\"en-GB\",\"@id\":\"https:\\\/\\\/galerieleminotaure-boutique.fr\\\/#\\\/schema\\\/logo\\\/image\\\/\",\"url\":\"https:\\\/\\\/secureservercdn.net\\\/160.153.138.177\\\/5h4.51a.myftpupload.com\\\/wp-content\\\/uploads\\\/2021\\\/03\\\/logo.png?time=1618481460\",\"contentUrl\":\"https:\\\/\\\/secureservercdn.net\\\/160.153.138.177\\\/5h4.51a.myftpupload.com\\\/wp-content\\\/uploads\\\/2021\\\/03\\\/logo.png?time=1618481460\",\"width\":1024,\"height\":186,\"caption\":\"Galerie Le Minotaure\"},\"image\":{\"@id\":\"https:\\\/\\\/galerieleminotaure-boutique.fr\\\/#\\\/schema\\\/logo\\\/image\\\/\"},\"sameAs\":[\"https:\\\/\\\/www.facebook.com\\\/GalerieLeMinotaure\",\"https:\\\/\\\/x.com\\\/MinotaureArt\",\"https:\\\/\\\/www.instagram.com\\\/leminotaure_gallery\\\/\",\"https:\\\/\\\/www.youtube.com\\\/channel\\\/UCRdoDs3px50xfXu3EEkpNRA\"]}]}<\/script>\n<!-- \/ Yoast SEO plugin. -->","yoast_head_json":{"title":"Jean Cocteau &#8226; Galerie Le Minotaure - La Boutique","robots":{"index":"index","follow":"follow","max-snippet":"max-snippet:-1","max-image-preview":"max-image-preview:large","max-video-preview":"max-video-preview:-1"},"canonical":"https:\/\/galerieleminotaure-boutique.fr\/en\/shop\/jean-cocteau\/","og_locale":"en_GB","og_type":"article","og_title":"Jean Cocteau &#8226; Galerie Le Minotaure - La Boutique","og_description":"HOFFMEISTER, ADOLF   1930 Encre de Chine sur papier 33 x 23 cm Monogramme\u0301 et date\u0301 en bas a\u0300 droite","og_url":"https:\/\/galerieleminotaure-boutique.fr\/en\/shop\/jean-cocteau\/","og_site_name":"Galerie Le Minotaure - La Boutique","article_publisher":"https:\/\/www.facebook.com\/GalerieLeMinotaure","article_modified_time":"2021-05-07T12:24:16+00:00","og_image":[{"width":610,"height":862,"url":"https:\/\/galerieleminotaure-boutique.fr\/wp-content\/uploads\/2021\/05\/Capture-de\u0301cran-2021-05-05-a\u0300-16.00.45.png","type":"image\/png"}],"twitter_card":"summary_large_image","twitter_site":"@MinotaureArt","twitter_misc":{"Estimated reading time":"1 minute"},"schema":{"@context":"https:\/\/schema.org","@graph":[{"@type":"WebPage","@id":"https:\/\/galerieleminotaure-boutique.fr\/shop\/jean-cocteau","url":"https:\/\/galerieleminotaure-boutique.fr\/shop\/jean-cocteau","name":"Jean Cocteau &#8226; Galerie Le Minotaure - La Boutique","isPartOf":{"@id":"https:\/\/galerieleminotaure-boutique.fr\/#website"},"primaryImageOfPage":{"@id":"https:\/\/galerieleminotaure-boutique.fr\/shop\/jean-cocteau#primaryimage"},"image":{"@id":"https:\/\/galerieleminotaure-boutique.fr\/shop\/jean-cocteau#primaryimage"},"thumbnailUrl":"https:\/\/galerieleminotaure-boutique.fr\/wp-content\/uploads\/2021\/05\/Capture-de\u0301cran-2021-05-05-a\u0300-16.00.45.png","datePublished":"2021-05-05T14:04:33+00:00","dateModified":"2021-05-07T12:24:16+00:00","breadcrumb":{"@id":"https:\/\/galerieleminotaure-boutique.fr\/shop\/jean-cocteau#breadcrumb"},"inLanguage":"en-GB","potentialAction":[{"@type":"ReadAction","target":["https:\/\/galerieleminotaure-boutique.fr\/shop\/jean-cocteau"]}]},{"@type":"ImageObject","inLanguage":"en-GB","@id":"https:\/\/galerieleminotaure-boutique.fr\/shop\/jean-cocteau#primaryimage","url":"https:\/\/galerieleminotaure-boutique.fr\/wp-content\/uploads\/2021\/05\/Capture-de\u0301cran-2021-05-05-a\u0300-16.00.45.png","contentUrl":"https:\/\/galerieleminotaure-boutique.fr\/wp-content\/uploads\/2021\/05\/Capture-de\u0301cran-2021-05-05-a\u0300-16.00.45.png","width":610,"height":862},{"@type":"BreadcrumbList","@id":"https:\/\/galerieleminotaure-boutique.fr\/shop\/jean-cocteau#breadcrumb","itemListElement":[{"@type":"ListItem","position":1,"name":"Home","item":"https:\/\/galerieleminotaure-boutique.fr\/"},{"@type":"ListItem","position":2,"name":"Boutique","item":"https:\/\/galerieleminotaure-boutique.fr\/shop"},{"@type":"ListItem","position":3,"name":"Jean Cocteau"}]},{"@type":"WebSite","@id":"https:\/\/galerieleminotaure-boutique.fr\/#website","url":"https:\/\/galerieleminotaure-boutique.fr\/","name":"Galerie Le Minotaure - La Boutique","description":"","publisher":{"@id":"https:\/\/galerieleminotaure-boutique.fr\/#organization"},"potentialAction":[{"@type":"SearchAction","target":{"@type":"EntryPoint","urlTemplate":"https:\/\/galerieleminotaure-boutique.fr\/?s={search_term_string}"},"query-input":{"@type":"PropertyValueSpecification","valueRequired":true,"valueName":"search_term_string"}}],"inLanguage":"en-GB"},{"@type":"Organization","@id":"https:\/\/galerieleminotaure-boutique.fr\/#organization","name":"Galerie Le Minotaure","url":"https:\/\/galerieleminotaure-boutique.fr\/","logo":{"@type":"ImageObject","inLanguage":"en-GB","@id":"https:\/\/galerieleminotaure-boutique.fr\/#\/schema\/logo\/image\/","url":"https:\/\/secureservercdn.net\/160.153.138.177\/5h4.51a.myftpupload.com\/wp-content\/uploads\/2021\/03\/logo.png?time=1618481460","contentUrl":"https:\/\/secureservercdn.net\/160.153.138.177\/5h4.51a.myftpupload.com\/wp-content\/uploads\/2021\/03\/logo.png?time=1618481460","width":1024,"height":186,"caption":"Galerie Le Minotaure"},"image":{"@id":"https:\/\/galerieleminotaure-boutique.fr\/#\/schema\/logo\/image\/"},"sameAs":["https:\/\/www.facebook.com\/GalerieLeMinotaure","https:\/\/x.com\/MinotaureArt","https:\/\/www.instagram.com\/leminotaure_gallery\/","https:\/\/www.youtube.com\/channel\/UCRdoDs3px50xfXu3EEkpNRA"]}]}},"_links":{"self":[{"href":"https:\/\/galerieleminotaure-boutique.fr\/en\/wp-json\/wp\/v2\/product\/550","targetHints":{"allow":["GET"]}}],"collection":[{"href":"https:\/\/galerieleminotaure-boutique.fr\/en\/wp-json\/wp\/v2\/product"}],"about":[{"href":"https:\/\/galerieleminotaure-boutique.fr\/en\/wp-json\/wp\/v2\/types\/product"}],"wp:featuredmedia":[{"embeddable":true,"href":"https:\/\/galerieleminotaure-boutique.fr\/en\/wp-json\/wp\/v2\/media\/549"}],"wp:attachment":[{"href":"https:\/\/galerieleminotaure-boutique.fr\/en\/wp-json\/wp\/v2\/media?parent=550"}],"wp:term":[{"taxonomy":"product_brand","embeddable":true,"href":"https:\/\/galerieleminotaure-boutique.fr\/en\/wp-json\/wp\/v2\/product_brand?post=550"},{"taxonomy":"product_cat","embeddable":true,"href":"https:\/\/galerieleminotaure-boutique.fr\/en\/wp-json\/wp\/v2\/product_cat?post=550"},{"taxonomy":"product_tag","embeddable":true,"href":"https:\/\/galerieleminotaure-boutique.fr\/en\/wp-json\/wp\/v2\/product_tag?post=550"}],"curies":[{"name":"wp","href":"https:\/\/api.w.org\/{rel}","templated":true}]}}